{"id":324,"date":"2025-07-14T11:31:09","date_gmt":"2025-07-14T11:31:09","guid":{"rendered":"https:\/\/modulardome.com\/?page_id=324"},"modified":"2025-07-23T11:51:14","modified_gmt":"2025-07-23T11:51:14","slug":"yultuz","status":"publish","type":"page","link":"https:\/\/modulardome.com\/tr\/domes\/yultuz\/","title":{"rendered":"Yultuz"},"content":{"rendered":"<p><div style=\"width: 640px;\" class=\"wp-video\"><video class=\"wp-video-shortcode\" id=\"video-324-1\" width=\"640\" height=\"360\" preload=\"metadata\" controls=\"controls\"><source type=\"video\/mp4\" src=\"https:\/\/modulardome.com\/wp-content\/uploads\/2025\/07\/depreme-dayanikli-celik-jeodezik-kubbe-ev-modular-dome-yultuz-a.mp4?_=1\" \/><a href=\"https:\/\/modulardome.com\/wp-content\/uploads\/2025\/07\/depreme-dayanikli-celik-jeodezik-kubbe-ev-modular-dome-yultuz-a.mp4\">https:\/\/modulardome.com\/wp-content\/uploads\/2025\/07\/depreme-dayanikli-celik-jeodezik-kubbe-ev-modular-dome-yultuz-a.mp4<\/a><\/video><\/div><br \/>\n\t\t\t\t\t\t\t\t\t\t\t\t\t\t\t<img loading=\"lazy\" decoding=\"async\" width=\"1024\" height=\"1024\" src=\"https:\/\/modulardome.com\/wp-content\/uploads\/2025\/07\/Modular-Dome-Earthquake-Resistant-Yultuz-Type-Steel-Dome-House-Turkey-1920x1080px-c-1024x1024.webp\" alt=\"\" srcset=\"https:\/\/modulardome.com\/wp-content\/uploads\/2025\/07\/Modular-Dome-Earthquake-Resistant-Yultuz-Type-Steel-Dome-House-Turkey-1920x1080px-c-1024x1024.webp 1024w, https:\/\/modulardome.com\/wp-content\/uploads\/2025\/07\/Modular-Dome-Earthquake-Resistant-Yultuz-Type-Steel-Dome-House-Turkey-1920x1080px-c-300x300.webp 300w, https:\/\/modulardome.com\/wp-content\/uploads\/2025\/07\/Modular-Dome-Earthquake-Resistant-Yultuz-Type-Steel-Dome-House-Turkey-1920x1080px-c-150x150.webp 150w, https:\/\/modulardome.com\/wp-content\/uploads\/2025\/07\/Modular-Dome-Earthquake-Resistant-Yultuz-Type-Steel-Dome-House-Turkey-1920x1080px-c-768x768.webp 768w, https:\/\/modulardome.com\/wp-content\/uploads\/2025\/07\/Modular-Dome-Earthquake-Resistant-Yultuz-Type-Steel-Dome-House-Turkey-1920x1080px-c-1536x1536.webp 1536w, https:\/\/modulardome.com\/wp-content\/uploads\/2025\/07\/Modular-Dome-Earthquake-Resistant-Yultuz-Type-Steel-Dome-House-Turkey-1920x1080px-c-12x12.webp 12w, https:\/\/modulardome.com\/wp-content\/uploads\/2025\/07\/Modular-Dome-Earthquake-Resistant-Yultuz-Type-Steel-Dome-House-Turkey-1920x1080px-c.webp 1921w\" sizes=\"auto, (max-width: 1024px) 100vw, 1024px\" title=\"\">\t\t\t\t\t\t\t\t\t\t\t\t\t\t\t<\/p>\n<h1>Yultuz Mod\u00fcler Kubbe<\/h1>\n<p>\t\tYultuz Dome, 4,4 metre \u00e7ap\u0131nda ve 3,5 metre y\u00fcksekli\u011finde, dayan\u0131kl\u0131 \u00e7elik veya al\u00fcminyumdan \u00fcretilmi\u015f mod\u00fcler bir yap\u0131d\u0131r.<\/p>","protected":false},"excerpt":{"rendered":"<p>https:\/\/modulardome.com\/wp-content\/uploads\/2025\/07\/depreme-dayanikli-celik-jeodezik-kubbe-ev-modular-dome-yultuz-a.mp4 Yultuz Modular Dome Yultuz Dome is a modular structure with a 4.4-meter diameter and 3.5-meter height, crafted from durable [&hellip;]<\/p>\n","protected":false},"author":1,"featured_media":0,"parent":142,"menu_order":0,"comment_status":"closed","ping_status":"closed","template":"elementor_theme","meta":{"site-sidebar-layout":"no-sidebar","site-content-layout":"","ast-site-content-layout":"full-width-container","site-content-style":"default","site-sidebar-style":"default","ast-global-header-display":"","ast-banner-title-visibility":"","ast-main-header-display":"","ast-hfb-above-header-display":"","ast-hfb-below-header-display":"","ast-hfb-mobile-header-display":"","site-post-title":"disabled","ast-breadcrumbs-content":"","ast-featured-img":"disabled","footer-sml-layout":"","theme-transparent-header-meta":"","adv-header-id-meta":"","stick-header-meta":"","header-above-stick-meta":"","header-main-stick-meta":"","header-below-stick-meta":"","astra-migrate-meta-layouts":"default","ast-page-background-enabled":"default","ast-page-background-meta":{"desktop":{"background-color":"var(--ast-global-color-5)","background-image":"","background-repeat":"repeat","background-position":"center center","background-size":"auto","background-attachment":"scroll","background-type":"","background-media":"","overlay-type":"","overlay-color":"","overlay-opacity":"","overlay-gradient":""},"tablet":{"background-color":"","background-image":"","background-repeat":"repeat","background-position":"center center","background-size":"auto","background-attachment":"scroll","background-type":"","background-media":"","overlay-type":"","overlay-color":"","overlay-opacity":"","overlay-gradient":""},"mobile":{"background-color":"","background-image":"","background-repeat":"repeat","background-position":"center center","background-size":"auto","background-attachment":"scroll","background-type":"","background-media":"","overlay-type":"","overlay-color":"","overlay-opacity":"","overlay-gradient":""}},"ast-content-background-meta":{"desktop":{"background-color":"var(--ast-global-color-4)","background-image":"","background-repeat":"repeat","background-position":"center center","background-size":"auto","background-attachment":"scroll","background-type":"","background-media":"","overlay-type":"","overlay-color":"","overlay-opacity":"","overlay-gradient":""},"tablet":{"background-color":"var(--ast-global-color-4)","background-image":"","background-repeat":"repeat","background-position":"center center","background-size":"auto","background-attachment":"scroll","background-type":"","background-media":"","overlay-type":"","overlay-color":"","overlay-opacity":"","overlay-gradient":""},"mobile":{"background-color":"var(--ast-global-color-4)","background-image":"","background-repeat":"repeat","background-position":"center center","background-size":"auto","background-attachment":"scroll","background-type":"","background-media":"","overlay-type":"","overlay-color":"","overlay-opacity":"","overlay-gradient":""}},"footnotes":""},"class_list":["post-324","page","type-page","status-publish","hentry"],"_links":{"self":[{"href":"https:\/\/modulardome.com\/tr\/wp-json\/wp\/v2\/pages\/324","targetHints":{"allow":["GET"]}}],"collection":[{"href":"https:\/\/modulardome.com\/tr\/wp-json\/wp\/v2\/pages"}],"about":[{"href":"https:\/\/modulardome.com\/tr\/wp-json\/wp\/v2\/types\/page"}],"author":[{"embeddable":true,"href":"https:\/\/modulardome.com\/tr\/wp-json\/wp\/v2\/users\/1"}],"replies":[{"embeddable":true,"href":"https:\/\/modulardome.com\/tr\/wp-json\/wp\/v2\/comments?post=324"}],"version-history":[{"count":14,"href":"https:\/\/modulardome.com\/tr\/wp-json\/wp\/v2\/pages\/324\/revisions"}],"predecessor-version":[{"id":1276,"href":"https:\/\/modulardome.com\/tr\/wp-json\/wp\/v2\/pages\/324\/revisions\/1276"}],"up":[{"embeddable":true,"href":"https:\/\/modulardome.com\/tr\/wp-json\/wp\/v2\/pages\/142"}],"wp:attachment":[{"href":"https:\/\/modulardome.com\/tr\/wp-json\/wp\/v2\/media?parent=324"}],"curies":[{"name":"wp","href":"https:\/\/api.w.org\/{rel}","templated":true}]}}