{"id":173,"date":"2025-05-26T17:55:55","date_gmt":"2025-05-26T17:55:55","guid":{"rendered":"https:\/\/modulardome.com\/?page_id=173"},"modified":"2025-10-09T19:28:52","modified_gmt":"2025-10-09T19:28:52","slug":"faq","status":"publish","type":"page","link":"https:\/\/modulardome.com\/tr\/faq\/","title":{"rendered":"SSS"},"content":{"rendered":"<h2>S.S.S.<\/h2>\n<h5>Modular Dome hakk\u0131nda s\u0131k sorulan ve merak edilen konular\u0131n cevaplar\u0131n\u0131 a\u015fa\u011f\u0131da bulabilirsiniz.<\/h5>\n<p>\t\t\t\t\t\t\t\t\t\t\t\t\t\t\t<svg viewbox=\"0 0 192 512\" xmlns=\"http:\/\/www.w3.org\/2000\/svg\"><path d=\"M0 384.662V127.338c0-17.818 21.543-26.741 34.142-14.142l128.662 128.662c7.81 7.81 7.81 20.474 0 28.284L34.142 398.804C21.543 411.404 0 402.48 0 384.662z\"><\/path><\/svg><br \/>\n\t\t\t\t\t\t\t\t<svg viewbox=\"0 0 320 512\" xmlns=\"http:\/\/www.w3.org\/2000\/svg\"><path d=\"M288.662 352H31.338c-17.818 0-26.741-21.543-14.142-34.142l128.662-128.662c7.81-7.81 20.474-7.81 28.284 0l128.662 128.662c12.6 12.599 3.676 34.142-14.142 34.142z\"><\/path><\/svg><br \/>\n\t\t\t\t\t\t\t\t\t\t\t\t<a tabindex=\"0\">MODULAR DOME fiyatlar\u0131 nelerdir?<\/a><\/p>\n<p>MODULAR DOME evleri, yat\u0131r\u0131mc\u0131n\u0131n tercihlerine g\u00f6re \u015fekillendi\u011fi i\u00e7in de\u011fi\u015fken maliyetler s\u00f6z konusudur. D\u0131\u015f kabu\u011fun \u00e7elik, paslanmaz \u00e7elik veya al\u00fcminyum olmas\u0131 maliyeti etkileyen en \u00f6nemli fakt\u00f6rd\u00fcr. Yat\u0131r\u0131mc\u0131n\u0131n cam, pencere, kap\u0131, i\u00e7 zemin, d\u0131\u015f platform, izolasyon, iklimlendirme, ak\u0131ll\u0131 ev \u00e7\u00f6z\u00fcmleri tercihleri ve kurulum yap\u0131lacak alan\u0131n konumu toplam maliyeti belirler.<\/p>\n<p>\t\t\t\t\t\t\t\t\t\t\t\t\t\t\t<svg viewbox=\"0 0 192 512\" xmlns=\"http:\/\/www.w3.org\/2000\/svg\"><path d=\"M0 384.662V127.338c0-17.818 21.543-26.741 34.142-14.142l128.662 128.662c7.81 7.81 7.81 20.474 0 28.284L34.142 398.804C21.543 411.404 0 402.48 0 384.662z\"><\/path><\/svg><br \/>\n\t\t\t\t\t\t\t\t<svg viewbox=\"0 0 320 512\" xmlns=\"http:\/\/www.w3.org\/2000\/svg\"><path d=\"M288.662 352H31.338c-17.818 0-26.741-21.543-14.142-34.142l128.662-128.662c7.81-7.81 20.474-7.81 28.284 0l128.662 128.662c12.6 12.599 3.676 34.142-14.142 34.142z\"><\/path><\/svg><br \/>\n\t\t\t\t\t\t\t\t\t\t\t\t<a tabindex=\"0\">Kubbeleri neden \u00e7elikten \u00fcretiyorsunuz?<\/a><\/p>\n<ul>\n<li>\n<p><strong>Larger Spans:<\/strong>\u00a0Steel is stronger than concrete, enabling the construction of structures with wider spans, creating more spacious and luminous interiors.<\/p>\n<\/li>\n<li>\n<p><strong>Longevity:<\/strong>\u00a0Steel is more durable than concrete, resulting in structures with a longer lifespan and lower maintenance requirements.<\/p>\n<\/li>\n<li>\n<p><strong>Superior Earthquake Resistance:<\/strong>\u00a0The flexibility of steel makes it significantly more resilient to natural disasters like earthquakes compared to concrete, enhancing safety.<\/p>\n<\/li>\n<li>\n<p><strong>Fast and Efficient Production:<\/strong>\u00a0Steel is ideal for prefabrication, which accelerates construction processes and helps reduce overall costs.<\/p>\n<\/li>\n<\/ul>\n<p>\t\t\t\t\t\t\t\t\t\t\t\t\t\t\t<svg viewbox=\"0 0 192 512\" xmlns=\"http:\/\/www.w3.org\/2000\/svg\"><path d=\"M0 384.662V127.338c0-17.818 21.543-26.741 34.142-14.142l128.662 128.662c7.81 7.81 7.81 20.474 0 28.284L34.142 398.804C21.543 411.404 0 402.48 0 384.662z\"><\/path><\/svg><br \/>\n\t\t\t\t\t\t\t\t<svg viewbox=\"0 0 320 512\" xmlns=\"http:\/\/www.w3.org\/2000\/svg\"><path d=\"M288.662 352H31.338c-17.818 0-26.741-21.543-14.142-34.142l128.662-128.662c7.81-7.81 20.474-7.81 28.284 0l128.662 128.662c12.6 12.599 3.676 34.142-14.142 34.142z\"><\/path><\/svg><br \/>\n\t\t\t\t\t\t\t\t\t\t\t\t<a tabindex=\"0\">How are MODULAR DOME structures manufactured?<\/a><\/p>\n<p>Excluding site infrastructure work, our production process is roughly as follows: Industrial-quality steel plates are precisely cut, bent, and drilled for assembly using CNC technology. Each component is marked with navigation codes for easier assembly and a unique serial number for identification and authenticity. All parts are assembled in an &#8220;initial assembly&#8221; phase to verify system accuracy. Electrical, water, wastewater, climate control, and electronic systems are integrated into the tested structure. The disassembled system is then treated with anti-corrosion coatings and first-phase insulation. Finally, it is packaged for transport and shipped to the site for final assembly, where the second installation and second-phase insulation are completed.<\/p>\n<p>\t\t\t\t\t\t\t\t\t\t\t\t\t\t\t<svg viewbox=\"0 0 192 512\" xmlns=\"http:\/\/www.w3.org\/2000\/svg\"><path d=\"M0 384.662V127.338c0-17.818 21.543-26.741 34.142-14.142l128.662 128.662c7.81 7.81 7.81 20.474 0 28.284L34.142 398.804C21.543 411.404 0 402.48 0 384.662z\"><\/path><\/svg><br \/>\n\t\t\t\t\t\t\t\t<svg viewbox=\"0 0 320 512\" xmlns=\"http:\/\/www.w3.org\/2000\/svg\"><path d=\"M288.662 352H31.338c-17.818 0-26.741-21.543-14.142-34.142l128.662-128.662c7.81-7.81 20.474-7.81 28.284 0l128.662 128.662c12.6 12.599 3.676 34.142-14.142 34.142z\"><\/path><\/svg><br \/>\n\t\t\t\t\t\t\t\t\t\t\t\t<a tabindex=\"0\">Can MODULAR DOME structures be customized in color?<\/a><\/p>\n<p>Your MODULAR DOME steel geodesic home can be standardly produced in any solid color or two-tone option of your choice. Extra visualization requests such as gradient color transitions, camouflage patterns, etc., are subject to additional pricing based on the design.<\/p>\n<p>\t\t\t\t\t\t\t\t\t\t\t\t\t\t\t<svg viewbox=\"0 0 192 512\" xmlns=\"http:\/\/www.w3.org\/2000\/svg\"><path d=\"M0 384.662V127.338c0-17.818 21.543-26.741 34.142-14.142l128.662 128.662c7.81 7.81 7.81 20.474 0 28.284L34.142 398.804C21.543 411.404 0 402.48 0 384.662z\"><\/path><\/svg><br \/>\n\t\t\t\t\t\t\t\t<svg viewbox=\"0 0 320 512\" xmlns=\"http:\/\/www.w3.org\/2000\/svg\"><path d=\"M288.662 352H31.338c-17.818 0-26.741-21.543-14.142-34.142l128.662-128.662c7.81-7.81 20.474-7.81 28.284 0l128.662 128.662c12.6 12.599 3.676 34.142-14.142 34.142z\"><\/path><\/svg><br \/>\n\t\t\t\t\t\t\t\t\t\t\t\t<a tabindex=\"0\">Are MODULAR DOME structures earthquake resistant?<\/a><\/p>\n<p>Yes, MODULAR DOME structures are considered highly resistant to earthquakes. The geodesic dome form naturally distributes loads evenly. Combined with the superior strength and flexibility of steel, these structures exhibit exceptional resistance to seismic activity. Durability depends on factors like the dome geometry, steel quality, sheet thickness, and assembly quality.<\/p>\n<p>\t\t\t\t\t\t\t\t\t\t\t\t\t\t\t<svg viewbox=\"0 0 192 512\" xmlns=\"http:\/\/www.w3.org\/2000\/svg\"><path d=\"M0 384.662V127.338c0-17.818 21.543-26.741 34.142-14.142l128.662 128.662c7.81 7.81 7.81 20.474 0 28.284L34.142 398.804C21.543 411.404 0 402.48 0 384.662z\"><\/path><\/svg><br \/>\n\t\t\t\t\t\t\t\t<svg viewbox=\"0 0 320 512\" xmlns=\"http:\/\/www.w3.org\/2000\/svg\"><path d=\"M288.662 352H31.338c-17.818 0-26.741-21.543-14.142-34.142l128.662-128.662c7.81-7.81 20.474-7.81 28.284 0l128.662 128.662c12.6 12.599 3.676 34.142-14.142 34.142z\"><\/path><\/svg><br \/>\n\t\t\t\t\t\t\t\t\t\t\t\t<a tabindex=\"0\">Are MODULAR DOME structures storm resistant?<\/a><\/p>\n<p>Yes. MODULAR DOME models are designed through comprehensive engineering studies, considering the world&#8217;s most challenging weather conditions. They show high resistance to heavy snow, rain, wind, and storms. They are built with the philosophy of providing comfortable living even in extreme conditions like the Arctic and Antarctic. Their reliability has been proven in various projects, including research facilities, science centers, and industrial structures.<\/p>\n<p>\t\t\t\t\t\t\t\t\t\t\t\t\t\t\t<svg viewbox=\"0 0 192 512\" xmlns=\"http:\/\/www.w3.org\/2000\/svg\"><path d=\"M0 384.662V127.338c0-17.818 21.543-26.741 34.142-14.142l128.662 128.662c7.81 7.81 7.81 20.474 0 28.284L34.142 398.804C21.543 411.404 0 402.48 0 384.662z\"><\/path><\/svg><br \/>\n\t\t\t\t\t\t\t\t<svg viewbox=\"0 0 320 512\" xmlns=\"http:\/\/www.w3.org\/2000\/svg\"><path d=\"M288.662 352H31.338c-17.818 0-26.741-21.543-14.142-34.142l128.662-128.662c7.81-7.81 20.474-7.81 28.284 0l128.662 128.662c12.6 12.599 3.676 34.142-14.142 34.142z\"><\/path><\/svg><br \/>\n\t\t\t\t\t\t\t\t\t\t\t\t<a tabindex=\"0\">How can we verify the authenticity of a MODULAR DOME?<\/a><\/p>\n<p>Every MODULAR DOME you own comes with a unique Identity (ID) number etched onto all steel components of the outer shell. This system not only adds a unique collection value to your structure but also allows for the reproduction of any damaged parts according to original specifications.<\/p>\n<p>\t\t\t\t\t\t\t\t\t\t\t\t\t\t\t<svg viewbox=\"0 0 192 512\" xmlns=\"http:\/\/www.w3.org\/2000\/svg\"><path d=\"M0 384.662V127.338c0-17.818 21.543-26.741 34.142-14.142l128.662 128.662c7.81 7.81 7.81 20.474 0 28.284L34.142 398.804C21.543 411.404 0 402.48 0 384.662z\"><\/path><\/svg><br \/>\n\t\t\t\t\t\t\t\t<svg viewbox=\"0 0 320 512\" xmlns=\"http:\/\/www.w3.org\/2000\/svg\"><path d=\"M288.662 352H31.338c-17.818 0-26.741-21.543-14.142-34.142l128.662-128.662c7.81-7.81 20.474-7.81 28.284 0l128.662 128.662c12.6 12.599 3.676 34.142-14.142 34.142z\"><\/path><\/svg><br \/>\n\t\t\t\t\t\t\t\t\t\t\t\t<a tabindex=\"0\">How long does the MODULAR DOME assembly take?<\/a><\/p>\n<p>Although it varies by model and size, the manufacturing and preparation process for MODULAR DOME structures typically takes 20-30 days, while on-site assembly generally takes between 6-10 days.<\/p>\n<p>\t\t\t\t\t\t\t\t\t\t\t\t\t\t\t<svg viewbox=\"0 0 192 512\" xmlns=\"http:\/\/www.w3.org\/2000\/svg\"><path d=\"M0 384.662V127.338c0-17.818 21.543-26.741 34.142-14.142l128.662 128.662c7.81 7.81 7.81 20.474 0 28.284L34.142 398.804C21.543 411.404 0 402.48 0 384.662z\"><\/path><\/svg><br \/>\n\t\t\t\t\t\t\t\t<svg viewbox=\"0 0 320 512\" xmlns=\"http:\/\/www.w3.org\/2000\/svg\"><path d=\"M288.662 352H31.338c-17.818 0-26.741-21.543-14.142-34.142l128.662-128.662c7.81-7.81 20.474-7.81 28.284 0l128.662 128.662c12.6 12.599 3.676 34.142-14.142 34.142z\"><\/path><\/svg><br \/>\n\t\t\t\t\t\t\t\t\t\t\t\t<a tabindex=\"0\">How is heating and cooling handled in a MODULAR DOME?<\/a><\/p>\n<p>Heating and cooling solutions for MODULAR DOME structures are flexible and depend on the regional infrastructure and the investor&#8217;s preference. Sales contracts can include options for electric systems, radiators, underfloor heating, and other modern climate control systems.<\/p>\n<p>\t\t\t\t\t\t\t\t\t\t\t\t\t\t\t<svg viewbox=\"0 0 192 512\" xmlns=\"http:\/\/www.w3.org\/2000\/svg\"><path d=\"M0 384.662V127.338c0-17.818 21.543-26.741 34.142-14.142l128.662 128.662c7.81 7.81 7.81 20.474 0 28.284L34.142 398.804C21.543 411.404 0 402.48 0 384.662z\"><\/path><\/svg><br \/>\n\t\t\t\t\t\t\t\t<svg viewbox=\"0 0 320 512\" xmlns=\"http:\/\/www.w3.org\/2000\/svg\"><path d=\"M288.662 352H31.338c-17.818 0-26.741-21.543-14.142-34.142l128.662-128.662c7.81-7.81 20.474-7.81 28.284 0l128.662 128.662c12.6 12.599 3.676 34.142-14.142 34.142z\"><\/path><\/svg><br \/>\n\t\t\t\t\t\t\t\t\t\t\t\t<a tabindex=\"0\">Do you handle the foundation and floor platforms?<\/a><\/p>\n<p>Foundation, infrastructure, and floor platforms are typically considered external services. However, they can be included in the sales contract upon the investor&#8217;s request. It is essential that the infrastructure is designed to be compatible with the superstructure and ready before installation. While not its primary focus, MODULAR DOME can provide consultation and support throughout these processes.<\/p>\n<p>\t\t\t\t\t\t\t\t\t\t\t\t\t\t\t<svg viewbox=\"0 0 192 512\" xmlns=\"http:\/\/www.w3.org\/2000\/svg\"><path d=\"M0 384.662V127.338c0-17.818 21.543-26.741 34.142-14.142l128.662 128.662c7.81 7.81 7.81 20.474 0 28.284L34.142 398.804C21.543 411.404 0 402.48 0 384.662z\"><\/path><\/svg><br \/>\n\t\t\t\t\t\t\t\t<svg viewbox=\"0 0 320 512\" xmlns=\"http:\/\/www.w3.org\/2000\/svg\"><path d=\"M288.662 352H31.338c-17.818 0-26.741-21.543-14.142-34.142l128.662-128.662c7.81-7.81 20.474-7.81 28.284 0l128.662 128.662c12.6 12.599 3.676 34.142-14.142 34.142z\"><\/path><\/svg><br \/>\n\t\t\t\t\t\t\t\t\t\t\t\t<a tabindex=\"0\">Can we determine the direction and quantity of windows?<\/a><\/p>\n<p>The placement of windows and doors in MODULAR DOME structures is pre-defined through engineering optimization. However, projects can be reshaped based on land conditions, views, solar orientation, prevailing winds, and legal requirements. Such revisions may affect the cost.<\/p>\n<p>\t\t\t\t\t\t\t\t\t\t\t\t\t\t\t<svg viewbox=\"0 0 192 512\" xmlns=\"http:\/\/www.w3.org\/2000\/svg\"><path d=\"M0 384.662V127.338c0-17.818 21.543-26.741 34.142-14.142l128.662 128.662c7.81 7.81 7.81 20.474 0 28.284L34.142 398.804C21.543 411.404 0 402.48 0 384.662z\"><\/path><\/svg><br \/>\n\t\t\t\t\t\t\t\t<svg viewbox=\"0 0 320 512\" xmlns=\"http:\/\/www.w3.org\/2000\/svg\"><path d=\"M288.662 352H31.338c-17.818 0-26.741-21.543-14.142-34.142l128.662-128.662c7.81-7.81 20.474-7.81 28.284 0l128.662 128.662c12.6 12.599 3.676 34.142-14.142 34.142z\"><\/path><\/svg><br \/>\n\t\t\t\t\t\t\t\t\t\t\t\t<a tabindex=\"0\">Can we design the interior as we wish?<\/a><\/p>\n<p>Yes. You can order only the outer shell (including windows, doors, utilities, and insulation) and have the interior designed and built entirely to your taste by an independent contractor or an architect of your choice.<\/p>","protected":false},"excerpt":{"rendered":"<p>F.A.Q. You can find answers to frequently asked and curious questions about Modular Dome below. What are the prices of [&hellip;]<\/p>\n","protected":false},"author":1,"featured_media":0,"parent":0,"menu_order":0,"comment_status":"closed","ping_status":"closed","template":"","meta":{"site-sidebar-layout":"no-sidebar","site-content-layout":"","ast-site-content-layout":"full-width-container","site-content-style":"default","site-sidebar-style":"default","ast-global-header-display":"","ast-banner-title-visibility":"","ast-main-header-display":"","ast-hfb-above-header-display":"","ast-hfb-below-header-display":"","ast-hfb-mobile-header-display":"","site-post-title":"","ast-breadcrumbs-content":"","ast-featured-img":"disabled","footer-sml-layout":"","theme-transparent-header-meta":"","adv-header-id-meta":"","stick-header-meta":"","header-above-stick-meta":"","header-main-stick-meta":"","header-below-stick-meta":"","astra-migrate-meta-layouts":"default","ast-page-background-enabled":"default","ast-page-background-meta":{"desktop":{"background-color":"var(--ast-global-color-5)","background-image":"","background-repeat":"repeat","background-position":"center center","background-size":"auto","background-attachment":"scroll","background-type":"","background-media":"","overlay-type":"","overlay-color":"","overlay-opacity":"","overlay-gradient":""},"tablet":{"background-color":"","background-image":"","background-repeat":"repeat","background-position":"center center","background-size":"auto","background-attachment":"scroll","background-type":"","background-media":"","overlay-type":"","overlay-color":"","overlay-opacity":"","overlay-gradient":""},"mobile":{"background-color":"","background-image":"","background-repeat":"repeat","background-position":"center center","background-size":"auto","background-attachment":"scroll","background-type":"","background-media":"","overlay-type":"","overlay-color":"","overlay-opacity":"","overlay-gradient":""}},"ast-content-background-meta":{"desktop":{"background-color":"var(--ast-global-color-4)","background-image":"","background-repeat":"repeat","background-position":"center center","background-size":"auto","background-attachment":"scroll","background-type":"","background-media":"","overlay-type":"","overlay-color":"","overlay-opacity":"","overlay-gradient":""},"tablet":{"background-color":"var(--ast-global-color-4)","background-image":"","background-repeat":"repeat","background-position":"center center","background-size":"auto","background-attachment":"scroll","background-type":"","background-media":"","overlay-type":"","overlay-color":"","overlay-opacity":"","overlay-gradient":""},"mobile":{"background-color":"var(--ast-global-color-4)","background-image":"","background-repeat":"repeat","background-position":"center center","background-size":"auto","background-attachment":"scroll","background-type":"","background-media":"","overlay-type":"","overlay-color":"","overlay-opacity":"","overlay-gradient":""}},"footnotes":""},"class_list":["post-173","page","type-page","status-publish","hentry"],"_links":{"self":[{"href":"https:\/\/modulardome.com\/tr\/wp-json\/wp\/v2\/pages\/173","targetHints":{"allow":["GET"]}}],"collection":[{"href":"https:\/\/modulardome.com\/tr\/wp-json\/wp\/v2\/pages"}],"about":[{"href":"https:\/\/modulardome.com\/tr\/wp-json\/wp\/v2\/types\/page"}],"author":[{"embeddable":true,"href":"https:\/\/modulardome.com\/tr\/wp-json\/wp\/v2\/users\/1"}],"replies":[{"embeddable":true,"href":"https:\/\/modulardome.com\/tr\/wp-json\/wp\/v2\/comments?post=173"}],"version-history":[{"count":10,"href":"https:\/\/modulardome.com\/tr\/wp-json\/wp\/v2\/pages\/173\/revisions"}],"predecessor-version":[{"id":1206,"href":"https:\/\/modulardome.com\/tr\/wp-json\/wp\/v2\/pages\/173\/revisions\/1206"}],"wp:attachment":[{"href":"https:\/\/modulardome.com\/tr\/wp-json\/wp\/v2\/media?parent=173"}],"curies":[{"name":"wp","href":"https:\/\/api.w.org\/{rel}","templated":true}]}}