{"id":142,"date":"2025-05-26T17:49:45","date_gmt":"2025-05-26T17:49:45","guid":{"rendered":"https:\/\/modulardome.com\/?page_id=142"},"modified":"2025-07-14T11:52:46","modified_gmt":"2025-07-14T11:52:46","slug":"domes","status":"publish","type":"page","link":"https:\/\/modulardome.com\/tr\/domes\/","title":{"rendered":"Kubbeler"},"content":{"rendered":"<h1>Farkl\u0131 ya\u015fam ihtiya\u00e7lar\u0131 i\u00e7in s\u00fcrd\u00fcr\u00fclebilir \u00e7\u00f6z\u00fcmler<\/h1>\n<h2>\n\t\t\t\t\t\tMerih Mod\u00fcler Kubbe\t\t\t\t\t<\/h2>\n<h3>\n\t\t\t\t\t\tMerih Dome, 12 metre \u00e7ap\u0131nda ve 7,4 metre y\u00fcksekli\u011finde, dayan\u0131kl\u0131 \u00e7elik veya al\u00fcminyumdan \u00fcretilmi\u015f mod\u00fcler bir yap\u0131d\u0131r.\t\t\t\t\t<\/h3>\n<p>\t\t\t\t\t<a><br \/>\n\t\t\t\t\t\tDetaylar\u0131 ke\u015ffedin\t\t\t\t\t<\/a><\/p>\n<h2>\n\t\t\t\t\t\tSeyyare Mod\u00fcler Kubbe\t\t\t\t\t<\/h2>\n<h3>\n\t\t\t\t\t\tSeyyare Dome, 7,1 metre \u00e7ap\u0131nda ve 4,4 metre y\u00fcksekli\u011finde, dayan\u0131kl\u0131 \u00e7elik veya al\u00fcminyumdan \u00fcretilmi\u015f mod\u00fcler bir yap\u0131d\u0131r.\t\t\t\t\t<\/h3>\n<p>\t\t\t\t\t<a><br \/>\n\t\t\t\t\t\tDetaylar\u0131 ke\u015ffedin\t\t\t\t\t<\/a><\/p>\n<h2>\n\t\t\t\t\t\tYultuz Mod\u00fcler Kubbe\t\t\t\t\t<\/h2>\n<h3>\n\t\t\t\t\t\tYultuz Dome, 4,4 metre \u00e7ap\u0131nda ve 3,5 metre y\u00fcksekli\u011finde, dayan\u0131kl\u0131 \u00e7elik veya al\u00fcminyumdan \u00fcretilmi\u015f mod\u00fcler bir yap\u0131d\u0131r.\t\t\t\t\t<\/h3>\n<p>\t\t\t\t\t<a><br \/>\n\t\t\t\t\t\tDetaylar\u0131 ke\u015ffedin\t\t\t\t\t<\/a><\/p>\n<h2>\n\t\t\t\t\t\tTilek Mod\u00fcler Kubbe\t\t\t\t\t<\/h2>\n<h3>\n\t\t\t\t\t\tTilek Dome, 4,3 metre \u00e7ap\u0131nda ve 3,2 metre y\u00fcksekli\u011finde, dayan\u0131kl\u0131 \u00e7elik veya al\u00fcminyumdan \u00fcretilmi\u015f mod\u00fcler bir yap\u0131d\u0131r.\t\t\t\t\t<\/h3>\n<p>\t\t\t\t\t<a><br \/>\n\t\t\t\t\t\tDetaylar\u0131 ke\u015ffedin\t\t\t\t\t<\/a><\/p>","protected":false},"excerpt":{"rendered":"<p>Sustainable solutions for diverse living needs Merih Modular Dome Merih Dome is a modular structure with a 12-meter diameter and [&hellip;]<\/p>\n","protected":false},"author":1,"featured_media":0,"parent":0,"menu_order":0,"comment_status":"closed","ping_status":"closed","template":"","meta":{"site-sidebar-layout":"no-sidebar","site-content-layout":"","ast-site-content-layout":"full-width-container","site-content-style":"default","site-sidebar-style":"default","ast-global-header-display":"","ast-banner-title-visibility":"","ast-main-header-display":"","ast-hfb-above-header-display":"","ast-hfb-below-header-display":"","ast-hfb-mobile-header-display":"","site-post-title":"disabled","ast-breadcrumbs-content":"","ast-featured-img":"disabled","footer-sml-layout":"","theme-transparent-header-meta":"","adv-header-id-meta":"","stick-header-meta":"","header-above-stick-meta":"","header-main-stick-meta":"","header-below-stick-meta":"","astra-migrate-meta-layouts":"default","ast-page-background-enabled":"default","ast-page-background-meta":{"desktop":{"background-color":"var(--ast-global-color-5)","background-image":"","background-repeat":"repeat","background-position":"center center","background-size":"auto","background-attachment":"scroll","background-type":"","background-media":"","overlay-type":"","overlay-color":"","overlay-opacity":"","overlay-gradient":""},"tablet":{"background-color":"","background-image":"","background-repeat":"repeat","background-position":"center center","background-size":"auto","background-attachment":"scroll","background-type":"","background-media":"","overlay-type":"","overlay-color":"","overlay-opacity":"","overlay-gradient":""},"mobile":{"background-color":"","background-image":"","background-repeat":"repeat","background-position":"center center","background-size":"auto","background-attachment":"scroll","background-type":"","background-media":"","overlay-type":"","overlay-color":"","overlay-opacity":"","overlay-gradient":""}},"ast-content-background-meta":{"desktop":{"background-color":"var(--ast-global-color-4)","background-image":"","background-repeat":"repeat","background-position":"center center","background-size":"auto","background-attachment":"scroll","background-type":"","background-media":"","overlay-type":"","overlay-color":"","overlay-opacity":"","overlay-gradient":""},"tablet":{"background-color":"var(--ast-global-color-4)","background-image":"","background-repeat":"repeat","background-position":"center center","background-size":"auto","background-attachment":"scroll","background-type":"","background-media":"","overlay-type":"","overlay-color":"","overlay-opacity":"","overlay-gradient":""},"mobile":{"background-color":"var(--ast-global-color-4)","background-image":"","background-repeat":"repeat","background-position":"center center","background-size":"auto","background-attachment":"scroll","background-type":"","background-media":"","overlay-type":"","overlay-color":"","overlay-opacity":"","overlay-gradient":""}},"footnotes":""},"class_list":["post-142","page","type-page","status-publish","hentry"],"_links":{"self":[{"href":"https:\/\/modulardome.com\/tr\/wp-json\/wp\/v2\/pages\/142","targetHints":{"allow":["GET"]}}],"collection":[{"href":"https:\/\/modulardome.com\/tr\/wp-json\/wp\/v2\/pages"}],"about":[{"href":"https:\/\/modulardome.com\/tr\/wp-json\/wp\/v2\/types\/page"}],"author":[{"embeddable":true,"href":"https:\/\/modulardome.com\/tr\/wp-json\/wp\/v2\/users\/1"}],"replies":[{"embeddable":true,"href":"https:\/\/modulardome.com\/tr\/wp-json\/wp\/v2\/comments?post=142"}],"version-history":[{"count":87,"href":"https:\/\/modulardome.com\/tr\/wp-json\/wp\/v2\/pages\/142\/revisions"}],"predecessor-version":[{"id":342,"href":"https:\/\/modulardome.com\/tr\/wp-json\/wp\/v2\/pages\/142\/revisions\/342"}],"wp:attachment":[{"href":"https:\/\/modulardome.com\/tr\/wp-json\/wp\/v2\/media?parent=142"}],"curies":[{"name":"wp","href":"https:\/\/api.w.org\/{rel}","templated":true}]}}